{"id":5729,"date":"2024-05-08T10:22:30","date_gmt":"2024-05-08T10:22:30","guid":{"rendered":"https:\/\/mariashamuitas.com\/?page_id=5729"},"modified":"2024-05-09T15:18:17","modified_gmt":"2024-05-09T15:18:17","slug":"guia-rebranding","status":"publish","type":"page","link":"https:\/\/mariashamuitas.com\/en\/guia-rebranding\/","title":{"rendered":"Guia Rebranding"},"content":{"rendered":"<div data-elementor-type=\"wp-page\" data-elementor-id=\"5729\" class=\"elementor elementor-5729\" data-elementor-post-type=\"page\">\n\t\t\t\t\t\t<section class=\"elementor-section elementor-top-section elementor-element elementor-element-08f4e01 elementor-section-height-full elementor-reverse-mobile elementor-section-boxed elementor-section-height-default elementor-section-items-middle\" data-id=\"08f4e01\" data-element_type=\"section\" data-settings=\"{&quot;background_background&quot;:&quot;classic&quot;}\">\n\t\t\t\t\t\t<div class=\"elementor-container elementor-column-gap-no\">\n\t\t\t\t\t<div class=\"elementor-column elementor-col-100 elementor-top-column elementor-element elementor-element-b3e4a12\" data-id=\"b3e4a12\" data-element_type=\"column\">\n\t\t\t<div class=\"elementor-widget-wrap elementor-element-populated\">\n\t\t\t\t\t\t<div class=\"elementor-element elementor-element-b7f80e1 elementor-widget elementor-widget-image\" data-id=\"b7f80e1\" data-element_type=\"widget\" data-widget_type=\"image.default\">\n\t\t\t\t\t\t\t\t\t\t\t\t\t\t\t\t<a href=\"https:\/\/mariashamuitas.com\/en\/\">\n\t\t\t\t\t\t\t<img decoding=\"async\" src=\"https:\/\/mariashamuitas.com\/wp-content\/uploads\/2023\/04\/cropped-cropped-Ativo-4@3x.png\" title=\"\" alt=\"\" loading=\"lazy\" \/>\t\t\t\t\t\t\t\t<\/a>\n\t\t\t\t\t\t\t\t\t\t\t\t\t\t\t<\/div>\n\t\t\t\t<section class=\"elementor-section elementor-inner-section elementor-element elementor-element-8d72438 elementor-reverse-mobile elementor-section-boxed elementor-section-height-default elementor-section-height-default\" data-id=\"8d72438\" data-element_type=\"section\">\n\t\t\t\t\t\t<div class=\"elementor-container elementor-column-gap-default\">\n\t\t\t\t\t<div class=\"elementor-column elementor-col-50 elementor-inner-column elementor-element elementor-element-8e4fc83\" data-id=\"8e4fc83\" data-element_type=\"column\" data-settings=\"{&quot;background_background&quot;:&quot;classic&quot;}\">\n\t\t\t<div class=\"elementor-widget-wrap elementor-element-populated\">\n\t\t\t\t\t\t<div class=\"elementor-element elementor-element-ec0f5d4 elementor-widget elementor-widget-heading\" data-id=\"ec0f5d4\" data-element_type=\"widget\" data-widget_type=\"heading.default\">\n\t\t\t\t\t<h2 class=\"elementor-heading-title elementor-size-default\">Recebe o Guia de Rebranding <u>Gratuito<\/u><\/h2>\t\t\t\t<\/div>\n\t\t\t\t<div class=\"elementor-element elementor-element-090861c elementor-widget elementor-widget-heading\" data-id=\"090861c\" data-element_type=\"widget\" data-widget_type=\"heading.default\">\n\t\t\t\t\t<h3 class=\"elementor-heading-title elementor-size-default\">Tudo o que precisas para descobrires se o teu neg\u00f3cio precisa de uma transforma\u00e7\u00e3o<\/h3>\t\t\t\t<\/div>\n\t\t\t\t<div class=\"elementor-element elementor-element-b716900 elementor-icon-list--layout-traditional elementor-list-item-link-full_width elementor-widget elementor-widget-icon-list\" data-id=\"b716900\" data-element_type=\"widget\" data-widget_type=\"icon-list.default\">\n\t\t\t\t\t\t\t<ul class=\"elementor-icon-list-items\">\n\t\t\t\t\t\t\t<li class=\"elementor-icon-list-item\">\n\t\t\t\t\t\t\t\t\t\t\t<span class=\"elementor-icon-list-icon\">\n\t\t\t\t\t\t\t<svg aria-hidden=\"true\" class=\"e-font-icon-svg e-fas-check\" viewbox=\"0 0 512 512\" xmlns=\"http:\/\/www.w3.org\/2000\/svg\"><path d=\"M173.898 439.404l-166.4-166.4c-9.997-9.997-9.997-26.206 0-36.204l36.203-36.204c9.997-9.998 26.207-9.998 36.204 0L192 312.69 432.095 72.596c9.997-9.997 26.207-9.997 36.204 0l36.203 36.204c9.997 9.997 9.997 26.206 0 36.204l-294.4 294.401c-9.998 9.997-26.207 9.997-36.204-.001z\"><\/path><\/svg>\t\t\t\t\t\t<\/span>\n\t\t\t\t\t\t\t\t\t\t<span class=\"elementor-icon-list-text\">Resultados <b>na pr\u00e1tica<\/b><\/span>\n\t\t\t\t\t\t\t\t\t<\/li>\n\t\t\t\t\t\t\t\t<li class=\"elementor-icon-list-item\">\n\t\t\t\t\t\t\t\t\t\t\t<span class=\"elementor-icon-list-icon\">\n\t\t\t\t\t\t\t<svg aria-hidden=\"true\" class=\"e-font-icon-svg e-fas-check\" viewbox=\"0 0 512 512\" xmlns=\"http:\/\/www.w3.org\/2000\/svg\"><path d=\"M173.898 439.404l-166.4-166.4c-9.997-9.997-9.997-26.206 0-36.204l36.203-36.204c9.997-9.998 26.207-9.998 36.204 0L192 312.69 432.095 72.596c9.997-9.997 26.207-9.997 36.204 0l36.203 36.204c9.997 9.997 9.997 26.206 0 36.204l-294.4 294.401c-9.998 9.997-26.207 9.997-36.204-.001z\"><\/path><\/svg>\t\t\t\t\t\t<\/span>\n\t\t\t\t\t\t\t\t\t\t<span class=\"elementor-icon-list-text\"><b>Como fazer uma<\/b> <b>an\u00e1lise<\/b> da tua marca<\/span>\n\t\t\t\t\t\t\t\t\t<\/li>\n\t\t\t\t\t\t\t\t<li class=\"elementor-icon-list-item\">\n\t\t\t\t\t\t\t\t\t\t\t<span class=\"elementor-icon-list-icon\">\n\t\t\t\t\t\t\t<svg aria-hidden=\"true\" class=\"e-font-icon-svg e-fas-check\" viewbox=\"0 0 512 512\" xmlns=\"http:\/\/www.w3.org\/2000\/svg\"><path d=\"M173.898 439.404l-166.4-166.4c-9.997-9.997-9.997-26.206 0-36.204l36.203-36.204c9.997-9.998 26.207-9.998 36.204 0L192 312.69 432.095 72.596c9.997-9.997 26.207-9.997 36.204 0l36.203 36.204c9.997 9.997 9.997 26.206 0 36.204l-294.4 294.401c-9.998 9.997-26.207 9.997-36.204-.001z\"><\/path><\/svg>\t\t\t\t\t\t<\/span>\n\t\t\t\t\t\t\t\t\t\t<span class=\"elementor-icon-list-text\"><b>O nosso passo a passo<\/b> para uma transforma\u00e7\u00e3o de sucesso<\/span>\n\t\t\t\t\t\t\t\t\t<\/li>\n\t\t\t\t\t\t<\/ul>\n\t\t\t\t\t\t<\/div>\n\t\t\t\t<div class=\"elementor-element elementor-element-3cb00c9 elementor-icon-list--layout-traditional elementor-list-item-link-full_width elementor-widget elementor-widget-icon-list\" data-id=\"3cb00c9\" data-element_type=\"widget\" data-widget_type=\"icon-list.default\">\n\t\t\t\t\t\t\t<ul class=\"elementor-icon-list-items\">\n\t\t\t\t\t\t\t<li class=\"elementor-icon-list-item\">\n\t\t\t\t\t\t\t\t\t\t\t<span class=\"elementor-icon-list-icon\">\n\t\t\t\t\t\t\t<svg aria-hidden=\"true\" class=\"e-font-icon-svg e-fas-plus-circle\" viewbox=\"0 0 512 512\" xmlns=\"http:\/\/www.w3.org\/2000\/svg\"><path d=\"M256 8C119 8 8 119 8 256s111 248 248 248 248-111 248-248S393 8 256 8zm144 276c0 6.6-5.4 12-12 12h-92v92c0 6.6-5.4 12-12 12h-56c-6.6 0-12-5.4-12-12v-92h-92c-6.6 0-12-5.4-12-12v-56c0-6.6 5.4-12 12-12h92v-92c0-6.6 5.4-12 12-12h56c6.6 0 12 5.4 12 12v92h92c6.6 0 12 5.4 12 12v56z\"><\/path><\/svg>\t\t\t\t\t\t<\/span>\n\t\t\t\t\t\t\t\t\t\t<span class=\"elementor-icon-list-text\"><b>Oferta de uma sess\u00e3o (de 30 minutos) de an\u00e1lise da comunica\u00e7\u00e3o da tua marca<\/b><\/span>\n\t\t\t\t\t\t\t\t\t<\/li>\n\t\t\t\t\t\t<\/ul>\n\t\t\t\t\t\t<\/div>\n\t\t\t\t<div class=\"elementor-element elementor-element-21e1766 elementor-button-align-stretch elementor-widget elementor-widget-form\" data-id=\"21e1766\" data-element_type=\"widget\" data-settings=\"{&quot;step_next_label&quot;:&quot;Next&quot;,&quot;step_previous_label&quot;:&quot;Anterior&quot;,&quot;button_width&quot;:&quot;100&quot;,&quot;step_type&quot;:&quot;number_text&quot;,&quot;step_icon_shape&quot;:&quot;circle&quot;}\" data-widget_type=\"form.default\">\n\t\t\t\t\t\t\t<form class=\"elementor-form\" method=\"post\" name=\"New Form\" aria-label=\"New Form\" action=\"\">\n\t\t\t<input type=\"hidden\" name=\"post_id\" value=\"5729\"\/>\n\t\t\t<input type=\"hidden\" name=\"form_id\" value=\"21e1766\"\/>\n\t\t\t<input type=\"hidden\" name=\"referer_title\" value=\"Guia Rebranding - Marias H\u00e1 Muitas!\" \/>\n\n\t\t\t\t\t\t\t<input type=\"hidden\" name=\"queried_id\" value=\"5729\"\/>\n\t\t\t\n\t\t\t<div class=\"elementor-form-fields-wrapper elementor-labels-\">\n\t\t\t\t\t\t\t\t<div class=\"elementor-field-type-text elementor-field-group elementor-column elementor-field-group-name elementor-col-100\">\n\t\t\t\t\t\t\t\t\t\t\t\t<label for=\"form-field-name\" class=\"elementor-field-label elementor-screen-only\">\n\t\t\t\t\t\t\t\tName\t\t\t\t\t\t\t<\/label>\n\t\t\t\t\t\t\t\t\t\t\t\t\t\t<input size=\"1\" type=\"text\" name=\"form_fields[name]\" id=\"form-field-name\" class=\"elementor-field elementor-size-sm  elementor-field-textual\" placeholder=\"Name\">\n\t\t\t\t\t\t\t\t\t\t\t<\/div>\n\t\t\t\t\t\t\t\t<div class=\"elementor-field-type-email elementor-field-group elementor-column elementor-field-group-email elementor-col-100 elementor-field-required\">\n\t\t\t\t\t\t\t\t\t\t\t\t<label for=\"form-field-email\" class=\"elementor-field-label elementor-screen-only\">\n\t\t\t\t\t\t\t\tEmail\t\t\t\t\t\t\t<\/label>\n\t\t\t\t\t\t\t\t\t\t\t\t\t\t<input size=\"1\" type=\"email\" name=\"form_fields[email]\" id=\"form-field-email\" class=\"elementor-field elementor-size-sm  elementor-field-textual\" placeholder=\"Email\" required=\"required\">\n\t\t\t\t\t\t\t\t\t\t\t<\/div>\n\t\t\t\t\t\t\t\t<div class=\"elementor-field-type-acceptance elementor-field-group elementor-column elementor-field-group-field_557b363 elementor-col-100 elementor-field-required\">\n\t\t\t\t\t\t\t\t\t\t\t\t<label for=\"form-field-field_557b363\" class=\"elementor-field-label elementor-screen-only\">\n\t\t\t\t\t\t\t\tConsentimento\t\t\t\t\t\t\t<\/label>\n\t\t\t\t\t\t\t\t<div class=\"elementor-field-subgroup\">\n\t\t\t<span class=\"elementor-field-option\">\n\t\t\t\t<input type=\"checkbox\" name=\"form_fields[field_557b363]\" id=\"form-field-field_557b363\" class=\"elementor-field elementor-size-sm  elementor-acceptance-field\" required=\"required\">\n\t\t\t\t<label for=\"form-field-field_557b363\">Quero receber informa\u00e7\u00f5es sobre Rebranding e compreendo como os meus dados pessoais ser\u00e3o tratados.<\/label>\t\t\t<\/span>\n\t\t<\/div>\n\t\t\t\t\t\t<\/div>\n\t\t\t\t\t\t\t\t<div class=\"elementor-field-group elementor-column elementor-field-type-submit elementor-col-100 e-form__buttons\">\n\t\t\t\t\t<button class=\"elementor-button elementor-size-sm\" type=\"submit\">\n\t\t\t\t\t\t<span class=\"elementor-button-content-wrapper\">\n\t\t\t\t\t\t\t\t\t\t\t\t\t\t\t\t\t\t\t\t\t\t<span class=\"elementor-button-text\">Quero receber o guia<\/span>\n\t\t\t\t\t\t\t\t\t\t\t\t\t<\/span>\n\t\t\t\t\t<\/button>\n\t\t\t\t<\/div>\n\t\t\t<\/div>\n\t\t<input type=\"hidden\" name=\"trp-form-language\" value=\"en\"\/><\/form>\n\t\t\t\t\t\t<\/div>\n\t\t\t\t<div class=\"elementor-element elementor-element-ad77aa8 elementor-widget elementor-widget-text-editor\" data-id=\"ad77aa8\" data-element_type=\"widget\" data-widget_type=\"text-editor.default\">\n\t\t\t\t\t\t\t\t\t<p>Os teus dados pessoais v\u00e3o ser tratados pela Marias H\u00e1 Muitas, ap\u00f3s obtermos o teu consentimento pr\u00e9vio, unicamente para o envio de comunica\u00e7\u00f5es de &#8220;Marias H\u00e1 Muitas&#8221; referentes a Rebranding. N\u00e3o te esque\u00e7as que tens o direito de retirar consentimento em qualquer altura atrav\u00e9s das pr\u00f3prias comunica\u00e7\u00f5es (UNSUBSCRIBE) ou atrav\u00e9s do email para geral@mariashamuitas.com. Sabe mais na <a title=\"Privacy Policy\" href=\"https:\/\/mariashamuitas.com\/en\/politica-de-privacidade\/\" target=\"_blank\" rel=\"nofollow noopener\"><span class=\"VC\">Pol\u00edtica de Privacidad<\/span>e<\/a>.<\/p>\t\t\t\t\t\t\t\t<\/div>\n\t\t\t\t\t<\/div>\n\t\t<\/div>\n\t\t\t\t<div class=\"elementor-column elementor-col-50 elementor-inner-column elementor-element elementor-element-23a999e\" data-id=\"23a999e\" data-element_type=\"column\" data-settings=\"{&quot;background_background&quot;:&quot;classic&quot;}\">\n\t\t\t<div class=\"elementor-widget-wrap elementor-element-populated\">\n\t\t\t\t\t\t<div class=\"elementor-element elementor-element-05dea7c elementor-hidden-desktop elementor-hidden-tablet elementor-widget elementor-widget-image\" data-id=\"05dea7c\" data-element_type=\"widget\" data-widget_type=\"image.default\">\n\t\t\t\t\t\t\t\t\t\t\t\t\t\t\t<img decoding=\"async\" src=\"https:\/\/mariashamuitas.com\/wp-content\/uploads\/elementor\/thumbs\/A4_Brochure_Cover_Mockup_1-qnut2km4nisspbc6f3vbme8w28egjcezr87ankham8.png\" title=\"A4_Brochure_Cover_Mockup_1\" alt=\"A4_Brochure_Cover_Mockup_1\" loading=\"lazy\" \/>\t\t\t\t\t\t\t\t\t\t\t\t\t\t\t<\/div>\n\t\t\t\t\t<\/div>\n\t\t<\/div>\n\t\t\t\t\t<\/div>\n\t\t<\/section>\n\t\t\t\t<div class=\"elementor-element elementor-element-f6a398e elementor-widget elementor-widget-text-editor\" data-id=\"f6a398e\" data-element_type=\"widget\" data-widget_type=\"text-editor.default\">\n\t\t\t\t\t\t\t\t\t<p>\u00a9 Copyright 2024 &#8211; Marias H\u00e1 Muitas | Catarina Morgado. Todos os direitos reservados.<\/p>\t\t\t\t\t\t\t\t<\/div>\n\t\t\t\t\t<\/div>\n\t\t<\/div>\n\t\t\t\t\t<\/div>\n\t\t<\/section>\n\t\t\t\t<\/div>","protected":false},"excerpt":{"rendered":"<p>Recebe o Guia de Rebranding Gratuito Tudo o que precisas para descobrires se o teu neg\u00f3cio precisa de uma transforma\u00e7\u00e3o Resultados na pr\u00e1tica Como fazer uma an\u00e1lise da tua marca O nosso passo a passo para uma transforma\u00e7\u00e3o de sucesso Oferta de uma sess\u00e3o (de 30 minutos) de an\u00e1lise da comunica\u00e7\u00e3o da tua marca Os &hellip;<\/p>\n<p class=\"read-more\"> <a class=\"\" href=\"https:\/\/mariashamuitas.com\/en\/guia-rebranding\/\"> <span class=\"screen-reader-text\">Guia Rebranding<\/span> Read More &raquo;<\/a><\/p>","protected":false},"author":1,"featured_media":0,"parent":0,"menu_order":0,"comment_status":"closed","ping_status":"closed","template":"elementor_canvas","meta":{"site-sidebar-layout":"no-sidebar","site-content-layout":"page-builder","ast-global-header-display":"","ast-main-header-display":"","ast-hfb-above-header-display":"","ast-hfb-below-header-display":"","ast-hfb-mobile-header-display":"","site-post-title":"disabled","ast-breadcrumbs-content":"","ast-featured-img":"disabled","footer-sml-layout":"","theme-transparent-header-meta":"","adv-header-id-meta":"","stick-header-meta":"","header-above-stick-meta":"","header-main-stick-meta":"","header-below-stick-meta":"","footnotes":""},"class_list":["post-5729","page","type-page","status-publish","hentry"],"yoast_head":"<!-- This site is optimized with the Yoast SEO plugin v26.6 - https:\/\/yoast.com\/wordpress\/plugins\/seo\/ -->\n<title>Guia Rebranding - Marias H\u00e1 Muitas!<\/title>\n<meta name=\"robots\" content=\"index, follow, max-snippet:-1, max-image-preview:large, max-video-preview:-1\" \/>\n<link rel=\"canonical\" href=\"https:\/\/mariashamuitas.com\/en\/guia-rebranding\/\" \/>\n<meta property=\"og:locale\" content=\"en_GB\" \/>\n<meta property=\"og:type\" content=\"article\" \/>\n<meta property=\"og:title\" content=\"Guia Rebranding - Marias H\u00e1 Muitas!\" \/>\n<meta property=\"og:description\" content=\"Recebe o Guia de Rebranding Gratuito Tudo o que precisas para descobrires se o teu neg\u00f3cio precisa de uma transforma\u00e7\u00e3o Resultados na pr\u00e1tica Como fazer uma an\u00e1lise da tua marca O nosso passo a passo para uma transforma\u00e7\u00e3o de sucesso Oferta de uma sess\u00e3o (de 30 minutos) de an\u00e1lise da comunica\u00e7\u00e3o da tua marca Os &hellip; Guia Rebranding Read More &raquo;\" \/>\n<meta property=\"og:url\" content=\"https:\/\/mariashamuitas.com\/en\/guia-rebranding\/\" \/>\n<meta property=\"og:site_name\" content=\"Marias H\u00e1 Muitas!\" \/>\n<meta property=\"article:publisher\" content=\"https:\/\/www.facebook.com\/badbadmary.studio\/\" \/>\n<meta property=\"article:modified_time\" content=\"2024-05-09T15:18:17+00:00\" \/>\n<meta property=\"og:image\" content=\"https:\/\/mariashamuitas.com\/wp-content\/uploads\/elementor\/thumbs\/cropped-cropped-Ativo-4@3x-qe1einqwjyzkf8ihmsf43w667hx7ugwyfrgzhq988w.png\" \/>\n<meta name=\"twitter:label1\" content=\"Estimated reading time\" \/>\n\t<meta name=\"twitter:data1\" content=\"2 minutes\" \/>\n<script type=\"application\/ld+json\" class=\"yoast-schema-graph\">{\"@context\":\"https:\/\/schema.org\",\"@graph\":[{\"@type\":\"WebPage\",\"@id\":\"https:\/\/mariashamuitas.com\/guia-rebranding\/\",\"url\":\"https:\/\/mariashamuitas.com\/guia-rebranding\/\",\"name\":\"Guia Rebranding - Marias H\u00e1 Muitas!\",\"isPartOf\":{\"@id\":\"https:\/\/mariashamuitas.com\/#website\"},\"primaryImageOfPage\":{\"@id\":\"https:\/\/mariashamuitas.com\/guia-rebranding\/#primaryimage\"},\"image\":{\"@id\":\"https:\/\/mariashamuitas.com\/guia-rebranding\/#primaryimage\"},\"thumbnailUrl\":\"https:\/\/mariashamuitas.com\/wp-content\/uploads\/elementor\/thumbs\/cropped-cropped-Ativo-4@3x-qe1einqwjyzkf8ihmsf43w667hx7ugwyfrgzhq988w.png\",\"datePublished\":\"2024-05-08T10:22:30+00:00\",\"dateModified\":\"2024-05-09T15:18:17+00:00\",\"breadcrumb\":{\"@id\":\"https:\/\/mariashamuitas.com\/guia-rebranding\/#breadcrumb\"},\"inLanguage\":\"en-GB\",\"potentialAction\":[{\"@type\":\"ReadAction\",\"target\":[\"https:\/\/mariashamuitas.com\/guia-rebranding\/\"]}]},{\"@type\":\"ImageObject\",\"inLanguage\":\"en-GB\",\"@id\":\"https:\/\/mariashamuitas.com\/guia-rebranding\/#primaryimage\",\"url\":\"https:\/\/mariashamuitas.com\/wp-content\/uploads\/elementor\/thumbs\/cropped-cropped-Ativo-4@3x-qe1einqwjyzkf8ihmsf43w667hx7ugwyfrgzhq988w.png\",\"contentUrl\":\"https:\/\/mariashamuitas.com\/wp-content\/uploads\/elementor\/thumbs\/cropped-cropped-Ativo-4@3x-qe1einqwjyzkf8ihmsf43w667hx7ugwyfrgzhq988w.png\"},{\"@type\":\"BreadcrumbList\",\"@id\":\"https:\/\/mariashamuitas.com\/guia-rebranding\/#breadcrumb\",\"itemListElement\":[{\"@type\":\"ListItem\",\"position\":1,\"name\":\"In\u00edcio\",\"item\":\"https:\/\/mariashamuitas.com\/\"},{\"@type\":\"ListItem\",\"position\":2,\"name\":\"Guia Rebranding\"}]},{\"@type\":\"WebSite\",\"@id\":\"https:\/\/mariashamuitas.com\/#website\",\"url\":\"https:\/\/mariashamuitas.com\/\",\"name\":\"Marias H\u00e1 Muitas!\",\"description\":\"Branding &amp; Marketing\",\"publisher\":{\"@id\":\"https:\/\/mariashamuitas.com\/#organization\"},\"potentialAction\":[{\"@type\":\"SearchAction\",\"target\":{\"@type\":\"EntryPoint\",\"urlTemplate\":\"https:\/\/mariashamuitas.com\/?s={search_term_string}\"},\"query-input\":{\"@type\":\"PropertyValueSpecification\",\"valueRequired\":true,\"valueName\":\"search_term_string\"}}],\"inLanguage\":\"en-GB\"},{\"@type\":\"Organization\",\"@id\":\"https:\/\/mariashamuitas.com\/#organization\",\"name\":\"Bad Bad Mary\",\"url\":\"https:\/\/mariashamuitas.com\/\",\"logo\":{\"@type\":\"ImageObject\",\"inLanguage\":\"en-GB\",\"@id\":\"https:\/\/mariashamuitas.com\/#\/schema\/logo\/image\/\",\"url\":\"\",\"contentUrl\":\"\",\"caption\":\"Bad Bad Mary\"},\"image\":{\"@id\":\"https:\/\/mariashamuitas.com\/#\/schema\/logo\/image\/\"},\"sameAs\":[\"https:\/\/www.facebook.com\/badbadmary.studio\/\",\"https:\/\/www.instagram.com\/badbadmary.studio\/\",\"https:\/\/www.pinterest.pt\/badbadmarystudio\"]}]}<\/script>\n<!-- \/ Yoast SEO plugin. -->","yoast_head_json":{"title":"Guia Rebranding - Marias H\u00e1 Muitas!","robots":{"index":"index","follow":"follow","max-snippet":"max-snippet:-1","max-image-preview":"max-image-preview:large","max-video-preview":"max-video-preview:-1"},"canonical":"https:\/\/mariashamuitas.com\/en\/guia-rebranding\/","og_locale":"en_GB","og_type":"article","og_title":"Guia Rebranding - Marias H\u00e1 Muitas!","og_description":"Recebe o Guia de Rebranding Gratuito Tudo o que precisas para descobrires se o teu neg\u00f3cio precisa de uma transforma\u00e7\u00e3o Resultados na pr\u00e1tica Como fazer uma an\u00e1lise da tua marca O nosso passo a passo para uma transforma\u00e7\u00e3o de sucesso Oferta de uma sess\u00e3o (de 30 minutos) de an\u00e1lise da comunica\u00e7\u00e3o da tua marca Os &hellip; Guia Rebranding Read More &raquo;","og_url":"https:\/\/mariashamuitas.com\/en\/guia-rebranding\/","og_site_name":"Marias H\u00e1 Muitas!","article_publisher":"https:\/\/www.facebook.com\/badbadmary.studio\/","article_modified_time":"2024-05-09T15:18:17+00:00","og_image":[{"url":"https:\/\/mariashamuitas.com\/wp-content\/uploads\/elementor\/thumbs\/cropped-cropped-Ativo-4@3x-qe1einqwjyzkf8ihmsf43w667hx7ugwyfrgzhq988w.png","type":"","width":"","height":""}],"twitter_misc":{"Estimated reading time":"2 minutes"},"schema":{"@context":"https:\/\/schema.org","@graph":[{"@type":"WebPage","@id":"https:\/\/mariashamuitas.com\/guia-rebranding\/","url":"https:\/\/mariashamuitas.com\/guia-rebranding\/","name":"Guia Rebranding - Marias H\u00e1 Muitas!","isPartOf":{"@id":"https:\/\/mariashamuitas.com\/#website"},"primaryImageOfPage":{"@id":"https:\/\/mariashamuitas.com\/guia-rebranding\/#primaryimage"},"image":{"@id":"https:\/\/mariashamuitas.com\/guia-rebranding\/#primaryimage"},"thumbnailUrl":"https:\/\/mariashamuitas.com\/wp-content\/uploads\/elementor\/thumbs\/cropped-cropped-Ativo-4@3x-qe1einqwjyzkf8ihmsf43w667hx7ugwyfrgzhq988w.png","datePublished":"2024-05-08T10:22:30+00:00","dateModified":"2024-05-09T15:18:17+00:00","breadcrumb":{"@id":"https:\/\/mariashamuitas.com\/guia-rebranding\/#breadcrumb"},"inLanguage":"en-GB","potentialAction":[{"@type":"ReadAction","target":["https:\/\/mariashamuitas.com\/guia-rebranding\/"]}]},{"@type":"ImageObject","inLanguage":"en-GB","@id":"https:\/\/mariashamuitas.com\/guia-rebranding\/#primaryimage","url":"https:\/\/mariashamuitas.com\/wp-content\/uploads\/elementor\/thumbs\/cropped-cropped-Ativo-4@3x-qe1einqwjyzkf8ihmsf43w667hx7ugwyfrgzhq988w.png","contentUrl":"https:\/\/mariashamuitas.com\/wp-content\/uploads\/elementor\/thumbs\/cropped-cropped-Ativo-4@3x-qe1einqwjyzkf8ihmsf43w667hx7ugwyfrgzhq988w.png"},{"@type":"BreadcrumbList","@id":"https:\/\/mariashamuitas.com\/guia-rebranding\/#breadcrumb","itemListElement":[{"@type":"ListItem","position":1,"name":"In\u00edcio","item":"https:\/\/mariashamuitas.com\/"},{"@type":"ListItem","position":2,"name":"Guia Rebranding"}]},{"@type":"WebSite","@id":"https:\/\/mariashamuitas.com\/#website","url":"https:\/\/mariashamuitas.com\/","name":"There are many Marias!","description":"Branding &amp; Marketing","publisher":{"@id":"https:\/\/mariashamuitas.com\/#organization"},"potentialAction":[{"@type":"SearchAction","target":{"@type":"EntryPoint","urlTemplate":"https:\/\/mariashamuitas.com\/?s={search_term_string}"},"query-input":{"@type":"PropertyValueSpecification","valueRequired":true,"valueName":"search_term_string"}}],"inLanguage":"en-GB"},{"@type":"Organization","@id":"https:\/\/mariashamuitas.com\/#organization","name":"Bad Bad Mary","url":"https:\/\/mariashamuitas.com\/","logo":{"@type":"ImageObject","inLanguage":"en-GB","@id":"https:\/\/mariashamuitas.com\/#\/schema\/logo\/image\/","url":"","contentUrl":"","caption":"Bad Bad Mary"},"image":{"@id":"https:\/\/mariashamuitas.com\/#\/schema\/logo\/image\/"},"sameAs":["https:\/\/www.facebook.com\/badbadmary.studio\/","https:\/\/www.instagram.com\/badbadmary.studio\/","https:\/\/www.pinterest.pt\/badbadmarystudio"]}]}},"_links":{"self":[{"href":"https:\/\/mariashamuitas.com\/en\/wp-json\/wp\/v2\/pages\/5729","targetHints":{"allow":["GET"]}}],"collection":[{"href":"https:\/\/mariashamuitas.com\/en\/wp-json\/wp\/v2\/pages"}],"about":[{"href":"https:\/\/mariashamuitas.com\/en\/wp-json\/wp\/v2\/types\/page"}],"author":[{"embeddable":true,"href":"https:\/\/mariashamuitas.com\/en\/wp-json\/wp\/v2\/users\/1"}],"replies":[{"embeddable":true,"href":"https:\/\/mariashamuitas.com\/en\/wp-json\/wp\/v2\/comments?post=5729"}],"version-history":[{"count":82,"href":"https:\/\/mariashamuitas.com\/en\/wp-json\/wp\/v2\/pages\/5729\/revisions"}],"predecessor-version":[{"id":5829,"href":"https:\/\/mariashamuitas.com\/en\/wp-json\/wp\/v2\/pages\/5729\/revisions\/5829"}],"wp:attachment":[{"href":"https:\/\/mariashamuitas.com\/en\/wp-json\/wp\/v2\/media?parent=5729"}],"curies":[{"name":"wp","href":"https:\/\/api.w.org\/{rel}","templated":true}]}}