{"id":6185,"date":"2024-06-26T10:27:47","date_gmt":"2024-06-26T10:27:47","guid":{"rendered":"https:\/\/mariashamuitas.com\/?page_id=6185"},"modified":"2025-11-21T08:53:18","modified_gmt":"2025-11-21T08:53:18","slug":"jointheclubm","status":"publish","type":"page","link":"https:\/\/mariashamuitas.com\/en\/jointheclubm\/","title":{"rendered":"CLUB"},"content":{"rendered":"<div data-elementor-type=\"wp-page\" data-elementor-id=\"6185\" class=\"elementor elementor-6185\" data-elementor-post-type=\"page\">\n\t\t\t\t\t\t<section class=\"elementor-section elementor-top-section elementor-element elementor-element-f062b47 elementor-section-content-middle elementor-section-boxed elementor-section-height-default elementor-section-height-default\" data-id=\"f062b47\" data-element_type=\"section\" data-settings=\"{&quot;background_background&quot;:&quot;classic&quot;}\">\n\t\t\t\t\t\t<div class=\"elementor-container elementor-column-gap-default\">\n\t\t\t\t\t<div class=\"elementor-column elementor-col-100 elementor-top-column elementor-element elementor-element-1a82d6e\" data-id=\"1a82d6e\" data-element_type=\"column\">\n\t\t\t<div class=\"elementor-widget-wrap elementor-element-populated\">\n\t\t\t\t\t\t<div class=\"elementor-element elementor-element-218fbb1 elementor-widget elementor-widget-image\" data-id=\"218fbb1\" data-element_type=\"widget\" data-widget_type=\"image.default\">\n\t\t\t\t\t\t\t\t\t\t\t\t\t\t\t<img fetchpriority=\"high\" decoding=\"async\" width=\"1080\" height=\"392\" src=\"https:\/\/mariashamuitas.com\/wp-content\/uploads\/2025\/06\/CatMorgado-Insta-tall-e1749500814163.png\" class=\"attachment-full size-full wp-image-7174\" alt=\"\" srcset=\"https:\/\/mariashamuitas.com\/wp-content\/uploads\/2025\/06\/CatMorgado-Insta-tall-e1749500814163.png 1080w, https:\/\/mariashamuitas.com\/wp-content\/uploads\/2025\/06\/CatMorgado-Insta-tall-e1749500814163-300x109.png 300w, https:\/\/mariashamuitas.com\/wp-content\/uploads\/2025\/06\/CatMorgado-Insta-tall-e1749500814163-1024x372.png 1024w, https:\/\/mariashamuitas.com\/wp-content\/uploads\/2025\/06\/CatMorgado-Insta-tall-e1749500814163-768x279.png 768w\" sizes=\"(max-width: 1080px) 100vw, 1080px\" \/>\t\t\t\t\t\t\t\t\t\t\t\t\t\t\t<\/div>\n\t\t\t\t<div class=\"elementor-element elementor-element-4266826 elementor-widget elementor-widget-heading\" data-id=\"4266826\" data-element_type=\"widget\" data-widget_type=\"heading.default\">\n\t\t\t\t\t<h2 class=\"elementor-heading-title elementor-size-default\">Um ritual mensal para marcas que n\u00e3o nasceram para ser normais.<\/h2>\t\t\t\t<\/div>\n\t\t\t\t\t<\/div>\n\t\t<\/div>\n\t\t\t\t\t<\/div>\n\t\t<\/section>\n\t\t<div class=\"elementor-element elementor-element-2ebd90f e-flex e-con-boxed e-con e-parent\" data-id=\"2ebd90f\" data-element_type=\"container\">\n\t\t\t\t\t<div class=\"e-con-inner\">\n\t\t\t\t<div class=\"elementor-element elementor-element-caae191 elementor-widget elementor-widget-image\" data-id=\"caae191\" data-element_type=\"widget\" data-widget_type=\"image.default\">\n\t\t\t\t\t\t\t\t\t\t\t\t\t\t\t<img decoding=\"async\" width=\"1024\" height=\"610\" src=\"https:\/\/mariashamuitas.com\/wp-content\/uploads\/2025\/09\/eyJ0eXAiOiJKV1QiLCJhbGciOiJIUzI1NiJ9.eyJpbSI6WyJcL2FydHdvcmtcL2ltYWdlRmlsZVwvNjU2NDk0Y2MyM2Q3Ny5qcGciLCJyZXNpemUsMjAwMCwyMDAwIl19.WI2LFjuHbf0OBtUWE_eumiWsEJwMt_lFB2h9mik_NsE-1024x610.png\" class=\"attachment-large size-large wp-image-7924\" alt=\"Club M \u2014 Newsletter para marcas que n\u00e3o nasceram para ser normais\" srcset=\"https:\/\/mariashamuitas.com\/wp-content\/uploads\/2025\/09\/eyJ0eXAiOiJKV1QiLCJhbGciOiJIUzI1NiJ9.eyJpbSI6WyJcL2FydHdvcmtcL2ltYWdlRmlsZVwvNjU2NDk0Y2MyM2Q3Ny5qcGciLCJyZXNpemUsMjAwMCwyMDAwIl19.WI2LFjuHbf0OBtUWE_eumiWsEJwMt_lFB2h9mik_NsE-1024x610.png 1024w, https:\/\/mariashamuitas.com\/wp-content\/uploads\/2025\/09\/eyJ0eXAiOiJKV1QiLCJhbGciOiJIUzI1NiJ9.eyJpbSI6WyJcL2FydHdvcmtcL2ltYWdlRmlsZVwvNjU2NDk0Y2MyM2Q3Ny5qcGciLCJyZXNpemUsMjAwMCwyMDAwIl19.WI2LFjuHbf0OBtUWE_eumiWsEJwMt_lFB2h9mik_NsE-300x179.png 300w, https:\/\/mariashamuitas.com\/wp-content\/uploads\/2025\/09\/eyJ0eXAiOiJKV1QiLCJhbGciOiJIUzI1NiJ9.eyJpbSI6WyJcL2FydHdvcmtcL2ltYWdlRmlsZVwvNjU2NDk0Y2MyM2Q3Ny5qcGciLCJyZXNpemUsMjAwMCwyMDAwIl19.WI2LFjuHbf0OBtUWE_eumiWsEJwMt_lFB2h9mik_NsE-768x458.png 768w, https:\/\/mariashamuitas.com\/wp-content\/uploads\/2025\/09\/eyJ0eXAiOiJKV1QiLCJhbGciOiJIUzI1NiJ9.eyJpbSI6WyJcL2FydHdvcmtcL2ltYWdlRmlsZVwvNjU2NDk0Y2MyM2Q3Ny5qcGciLCJyZXNpemUsMjAwMCwyMDAwIl19.WI2LFjuHbf0OBtUWE_eumiWsEJwMt_lFB2h9mik_NsE-1536x916.png 1536w, https:\/\/mariashamuitas.com\/wp-content\/uploads\/2025\/09\/eyJ0eXAiOiJKV1QiLCJhbGciOiJIUzI1NiJ9.eyJpbSI6WyJcL2FydHdvcmtcL2ltYWdlRmlsZVwvNjU2NDk0Y2MyM2Q3Ny5qcGciLCJyZXNpemUsMjAwMCwyMDAwIl19.WI2LFjuHbf0OBtUWE_eumiWsEJwMt_lFB2h9mik_NsE.png 1671w\" sizes=\"(max-width: 1024px) 100vw, 1024px\" \/>\t\t\t\t\t\t\t\t\t\t\t\t\t\t\t<\/div>\n\t\t\t\t<div class=\"elementor-element elementor-element-77a735b elementor-widget__width-initial elementor-widget-mobile__width-inherit elementor-widget elementor-widget-text-editor\" data-id=\"77a735b\" data-element_type=\"widget\" data-widget_type=\"text-editor.default\">\n\t\t\t\t\t\t\t\t\t<div class=\"elementor-element elementor-element-d1e2349 e-con-full e-flex e-con e-child\" data-id=\"d1e2349\" data-element_type=\"container\"><div class=\"elementor-element elementor-element-3866473 elementor-widget elementor-widget-text-editor animated fadeInLeft\" data-id=\"3866473\" data-element_type=\"widget\" data-settings=\"{&quot;_animation&quot;:&quot;fadeInLeft&quot;}\" data-widget_type=\"text-editor.default\"><p>A monthly newsletter for bold brands, with sharp ideas on strategy, communication and the movements that impact the world of branding and marketing.<\/p><\/div><\/div>\t\t\t\t\t\t\t\t<\/div>\n\t\t\t\t\t<\/div>\n\t\t\t\t<\/div>\n\t\t<div class=\"elementor-element elementor-element-b2016c5 e-flex e-con-boxed e-con e-parent\" data-id=\"b2016c5\" data-element_type=\"container\">\n\t\t\t\t\t<div class=\"e-con-inner\">\n\t\t<div class=\"elementor-element elementor-element-e43948a e-con-full e-flex e-con e-child\" data-id=\"e43948a\" data-element_type=\"container\">\n\t\t\t\t<div class=\"elementor-element elementor-element-bc53b78 elementor-widget elementor-widget-heading\" data-id=\"bc53b78\" data-element_type=\"widget\" data-widget_type=\"heading.default\">\n\t\t\t\t\t<h2 class=\"elementor-heading-title elementor-size-default\">Be Weirdo. <br>\nBe unforgettable!<\/h2>\t\t\t\t<\/div>\n\t\t\t\t<div class=\"elementor-element elementor-element-4328dfa elementor-widget elementor-widget-text-editor\" data-id=\"4328dfa\" data-element_type=\"widget\" data-widget_type=\"text-editor.default\">\n\t\t\t\t\t\t\t\t\t<p>Para empreendedores, criativos e l\u00edderes que <b>sabem que a normalidade n\u00e3o \u00e9 o caminho<\/b>, e que ser diferente \u00e9 a \u00fanica forma de criar impacto.<\/p>\n<p><br><\/p><p>O Club M chega mensalmente sem rodeios com reflex\u00f5es estrat\u00e9gicas, movimentos recentes de marcas, provoca\u00e7\u00f5es que desafiam o \u00f3bvio e inspira\u00e7\u00f5es culturais e visuais. Uma dose de pensamento cr\u00edtico e criatividade para quem quer que a sua marca seja lembrada.<\/p>\t\t\t\t\t\t\t\t<\/div>\n\t\t\t\t<\/div>\n\t\t<div class=\"elementor-element elementor-element-1e01f29 e-con-full e-flex e-con e-child\" data-id=\"1e01f29\" data-element_type=\"container\">\n\t\t\t\t<div class=\"elementor-element elementor-element-f505b45 elementor-widget__width-inherit elementor-button-align-stretch elementor-widget elementor-widget-form\" data-id=\"f505b45\" data-element_type=\"widget\" data-settings=\"{&quot;step_next_label&quot;:&quot;Next&quot;,&quot;step_previous_label&quot;:&quot;Anterior&quot;,&quot;button_width&quot;:&quot;100&quot;,&quot;step_type&quot;:&quot;number_text&quot;,&quot;step_icon_shape&quot;:&quot;circle&quot;}\" data-widget_type=\"form.default\">\n\t\t\t\t\t\t\t<form class=\"elementor-form\" method=\"post\" name=\"New Form\" aria-label=\"New Form\" action=\"\">\n\t\t\t<input type=\"hidden\" name=\"post_id\" value=\"6185\"\/>\n\t\t\t<input type=\"hidden\" name=\"form_id\" value=\"f505b45\"\/>\n\t\t\t<input type=\"hidden\" name=\"referer_title\" value=\"CLUB - Marias H\u00e1 Muitas!\" \/>\n\n\t\t\t\t\t\t\t<input type=\"hidden\" name=\"queried_id\" value=\"6185\"\/>\n\t\t\t\n\t\t\t<div class=\"elementor-form-fields-wrapper elementor-labels-\">\n\t\t\t\t\t\t\t\t<div class=\"elementor-field-type-text elementor-field-group elementor-column elementor-field-group-name elementor-col-100 elementor-field-required\">\n\t\t\t\t\t\t\t\t\t\t\t\t<label for=\"form-field-name\" class=\"elementor-field-label elementor-screen-only\">\n\t\t\t\t\t\t\t\tName\t\t\t\t\t\t\t<\/label>\n\t\t\t\t\t\t\t\t\t\t\t\t\t\t<input size=\"1\" type=\"text\" name=\"form_fields[name]\" id=\"form-field-name\" class=\"elementor-field elementor-size-sm  elementor-field-textual\" placeholder=\"Name\" required=\"required\">\n\t\t\t\t\t\t\t\t\t\t\t<\/div>\n\t\t\t\t\t\t\t\t<div class=\"elementor-field-type-email elementor-field-group elementor-column elementor-field-group-email elementor-col-100 elementor-field-required\">\n\t\t\t\t\t\t\t\t\t\t\t\t<label for=\"form-field-email\" class=\"elementor-field-label elementor-screen-only\">\n\t\t\t\t\t\t\t\tEmail\t\t\t\t\t\t\t<\/label>\n\t\t\t\t\t\t\t\t\t\t\t\t\t\t<input size=\"1\" type=\"email\" name=\"form_fields[email]\" id=\"form-field-email\" class=\"elementor-field elementor-size-sm  elementor-field-textual\" placeholder=\"Email\" required=\"required\">\n\t\t\t\t\t\t\t\t\t\t\t<\/div>\n\t\t\t\t\t\t\t\t<div class=\"elementor-field-type-acceptance elementor-field-group elementor-column elementor-field-group-field_cf82f40 elementor-col-100 elementor-field-required\">\n\t\t\t\t\t\t\t<div class=\"elementor-field-subgroup\">\n\t\t\t<span class=\"elementor-field-option\">\n\t\t\t\t<input type=\"checkbox\" name=\"form_fields[field_cf82f40]\" id=\"form-field-field_cf82f40\" class=\"elementor-field elementor-size-sm  elementor-acceptance-field\" required=\"required\">\n\t\t\t\t<label for=\"form-field-field_cf82f40\">Aceito abrir espa\u00e7o na minha caixa de entrada para ideias que n\u00e3o seguem padr\u00f5es.<\/label>\t\t\t<\/span>\n\t\t<\/div>\n\t\t\t\t\t\t<\/div>\n\t\t\t\t\t\t\t\t<div class=\"elementor-field-type-text\">\n\t\t\t\t\t<input size=\"1\" type=\"text\" name=\"form_fields[field_cd6df15]\" id=\"form-field-field_cd6df15\" class=\"elementor-field elementor-size-sm\" style=\"display:none !important;\">\t\t\t\t<\/div>\n\t\t\t\t\t\t\t\t<div class=\"elementor-field-group elementor-column elementor-field-type-submit elementor-col-100 e-form__buttons\">\n\t\t\t\t\t<button class=\"elementor-button elementor-size-sm\" type=\"submit\">\n\t\t\t\t\t\t<span class=\"elementor-button-content-wrapper\">\n\t\t\t\t\t\t\t\t\t\t\t\t\t\t\t\t\t\t\t\t\t\t<span class=\"elementor-button-text\">Entrar no club<\/span>\n\t\t\t\t\t\t\t\t\t\t\t\t\t<\/span>\n\t\t\t\t\t<\/button>\n\t\t\t\t<\/div>\n\t\t\t<\/div>\n\t\t<input type=\"hidden\" name=\"trp-form-language\" value=\"en\"\/><\/form>\n\t\t\t\t\t\t<\/div>\n\t\t\t\t<div class=\"elementor-element elementor-element-f1a0449 elementor-widget elementor-widget-image\" data-id=\"f1a0449\" data-element_type=\"widget\" data-settings=\"{&quot;_animation&quot;:&quot;none&quot;}\" data-widget_type=\"image.default\">\n\t\t\t\t\t\t\t\t\t\t\t\t\t\t\t<img decoding=\"async\" width=\"177\" height=\"122\" src=\"https:\/\/mariashamuitas.com\/wp-content\/uploads\/2025\/09\/Camada-16.png\" class=\"attachment-large size-large wp-image-7925\" alt=\"\" \/>\t\t\t\t\t\t\t\t\t\t\t\t\t\t\t<\/div>\n\t\t\t\t<\/div>\n\t\t\t\t\t<\/div>\n\t\t\t\t<\/div>\n\t\t<div class=\"elementor-element elementor-element-3736e8f e-flex e-con-boxed e-con e-parent\" data-id=\"3736e8f\" data-element_type=\"container\">\n\t\t\t\t\t<div class=\"e-con-inner\">\n\t\t\t\t\t<\/div>\n\t\t\t\t<\/div>\n\t\t\t\t<section class=\"elementor-section elementor-top-section elementor-element elementor-element-809f75f elementor-section-boxed elementor-section-height-default elementor-section-height-default\" data-id=\"809f75f\" data-element_type=\"section\">\n\t\t\t\t\t\t<div class=\"elementor-container elementor-column-gap-default\">\n\t\t\t\t\t<div class=\"elementor-column elementor-col-33 elementor-top-column elementor-element elementor-element-3ede926\" data-id=\"3ede926\" data-element_type=\"column\">\n\t\t\t<div class=\"elementor-widget-wrap\">\n\t\t\t\t\t\t\t<\/div>\n\t\t<\/div>\n\t\t\t\t<div class=\"elementor-column elementor-col-33 elementor-top-column elementor-element elementor-element-163cf3e\" data-id=\"163cf3e\" data-element_type=\"column\">\n\t\t\t<div class=\"elementor-widget-wrap elementor-element-populated\">\n\t\t\t\t\t\t<div class=\"elementor-element elementor-element-f249fac elementor-widget elementor-widget-text-editor\" data-id=\"f249fac\" data-element_type=\"widget\" data-widget_type=\"text-editor.default\">\n\t\t\t\t\t\t\t\t\t<p><span style=\"color: #ffffff;\"><a style=\"color: #ffffff;\" href=\"http:\/\/mariashamuitas.com\/en\/\">Copyright \u00a9 2025 Marias H\u00e1 Muitas! \u00ae<\/a><\/span><\/p><p><span style=\"color: #ffffff;\"><a style=\"color: #ffffff;\" href=\"https:\/\/mariashamuitas.com\/en\/politica-de-privacidade\/\">Privacy Policy<\/a><\/span><\/p>\t\t\t\t\t\t\t\t<\/div>\n\t\t\t\t\t<\/div>\n\t\t<\/div>\n\t\t\t\t<div class=\"elementor-column elementor-col-33 elementor-top-column elementor-element elementor-element-9dbc1c3\" data-id=\"9dbc1c3\" data-element_type=\"column\">\n\t\t\t<div class=\"elementor-widget-wrap\">\n\t\t\t\t\t\t\t<\/div>\n\t\t<\/div>\n\t\t\t\t\t<\/div>\n\t\t<\/section>\n\t\t\t\t<\/div>","protected":false},"excerpt":{"rendered":"<p>Um ritual mensal para marcas que n\u00e3o nasceram para ser normais. Uma newsletter mensal para marcas ousadas, com ideias afiadas sobre estrat\u00e9gia, comunica\u00e7\u00e3o e os movimentos que impactam o mundo do branding e do marketing. Be Weirdo. Be unforgettable! Para empreendedores, criativos e l\u00edderes que sabem que a normalidade n\u00e3o \u00e9 o caminho, e que &hellip;<\/p>\n<p class=\"read-more\"> <a class=\"\" href=\"https:\/\/mariashamuitas.com\/en\/jointheclubm\/\"> <span class=\"screen-reader-text\">CLUB<\/span> Read More &raquo;<\/a><\/p>","protected":false},"author":1,"featured_media":0,"parent":0,"menu_order":0,"comment_status":"closed","ping_status":"closed","template":"elementor_canvas","meta":{"site-sidebar-layout":"no-sidebar","site-content-layout":"page-builder","ast-global-header-display":"","ast-main-header-display":"","ast-hfb-above-header-display":"","ast-hfb-below-header-display":"","ast-hfb-mobile-header-display":"","site-post-title":"disabled","ast-breadcrumbs-content":"","ast-featured-img":"disabled","footer-sml-layout":"","theme-transparent-header-meta":"","adv-header-id-meta":"","stick-header-meta":"","header-above-stick-meta":"","header-main-stick-meta":"","header-below-stick-meta":"","footnotes":""},"class_list":["post-6185","page","type-page","status-publish","hentry"],"yoast_head":"<!-- This site is optimized with the Yoast SEO plugin v26.6 - https:\/\/yoast.com\/wordpress\/plugins\/seo\/ -->\n<title>CLUB - Marias H\u00e1 Muitas!<\/title>\n<meta name=\"description\" content=\"Insights semanais gratuitos para comunicares os teus servi\u00e7os com criatividade\" \/>\n<meta name=\"robots\" content=\"index, follow, max-snippet:-1, max-image-preview:large, max-video-preview:-1\" \/>\n<link rel=\"canonical\" href=\"https:\/\/mariashamuitas.com\/en\/jointheclubm\/\" \/>\n<meta property=\"og:locale\" content=\"en_GB\" \/>\n<meta property=\"og:type\" content=\"article\" \/>\n<meta property=\"og:title\" content=\"CLUB - Marias H\u00e1 Muitas!\" \/>\n<meta property=\"og:description\" content=\"Insights semanais gratuitos para comunicares os teus servi\u00e7os com criatividade\" \/>\n<meta property=\"og:url\" content=\"https:\/\/mariashamuitas.com\/en\/jointheclubm\/\" \/>\n<meta property=\"og:site_name\" content=\"Marias H\u00e1 Muitas!\" \/>\n<meta property=\"article:publisher\" content=\"https:\/\/www.facebook.com\/badbadmary.studio\/\" \/>\n<meta property=\"article:modified_time\" content=\"2025-11-21T08:53:18+00:00\" \/>\n<meta property=\"og:image\" content=\"https:\/\/mariashamuitas.com\/wp-content\/uploads\/2025\/06\/CatMorgado-Insta-tall-e1749500814163.png\" \/>\n\t<meta property=\"og:image:width\" content=\"1080\" \/>\n\t<meta property=\"og:image:height\" content=\"392\" \/>\n\t<meta property=\"og:image:type\" content=\"image\/png\" \/>\n<meta name=\"twitter:label1\" content=\"Estimated reading time\" \/>\n\t<meta name=\"twitter:data1\" content=\"1 minute\" \/>\n<script type=\"application\/ld+json\" class=\"yoast-schema-graph\">{\"@context\":\"https:\/\/schema.org\",\"@graph\":[{\"@type\":\"WebPage\",\"@id\":\"https:\/\/mariashamuitas.com\/jointheclubm\/\",\"url\":\"https:\/\/mariashamuitas.com\/jointheclubm\/\",\"name\":\"CLUB - Marias H\u00e1 Muitas!\",\"isPartOf\":{\"@id\":\"https:\/\/mariashamuitas.com\/#website\"},\"primaryImageOfPage\":{\"@id\":\"https:\/\/mariashamuitas.com\/jointheclubm\/#primaryimage\"},\"image\":{\"@id\":\"https:\/\/mariashamuitas.com\/jointheclubm\/#primaryimage\"},\"thumbnailUrl\":\"https:\/\/mariashamuitas.com\/wp-content\/uploads\/2025\/06\/CatMorgado-Insta-tall-e1749500814163.png\",\"datePublished\":\"2024-06-26T10:27:47+00:00\",\"dateModified\":\"2025-11-21T08:53:18+00:00\",\"description\":\"Insights semanais gratuitos para comunicares os teus servi\u00e7os com criatividade\",\"breadcrumb\":{\"@id\":\"https:\/\/mariashamuitas.com\/jointheclubm\/#breadcrumb\"},\"inLanguage\":\"en-GB\",\"potentialAction\":[{\"@type\":\"ReadAction\",\"target\":[\"https:\/\/mariashamuitas.com\/jointheclubm\/\"]}]},{\"@type\":\"ImageObject\",\"inLanguage\":\"en-GB\",\"@id\":\"https:\/\/mariashamuitas.com\/jointheclubm\/#primaryimage\",\"url\":\"https:\/\/mariashamuitas.com\/wp-content\/uploads\/2025\/06\/CatMorgado-Insta-tall-e1749500814163.png\",\"contentUrl\":\"https:\/\/mariashamuitas.com\/wp-content\/uploads\/2025\/06\/CatMorgado-Insta-tall-e1749500814163.png\"},{\"@type\":\"BreadcrumbList\",\"@id\":\"https:\/\/mariashamuitas.com\/jointheclubm\/#breadcrumb\",\"itemListElement\":[{\"@type\":\"ListItem\",\"position\":1,\"name\":\"In\u00edcio\",\"item\":\"https:\/\/mariashamuitas.com\/\"},{\"@type\":\"ListItem\",\"position\":2,\"name\":\"CLUB\"}]},{\"@type\":\"WebSite\",\"@id\":\"https:\/\/mariashamuitas.com\/#website\",\"url\":\"https:\/\/mariashamuitas.com\/\",\"name\":\"Marias H\u00e1 Muitas!\",\"description\":\"Branding &amp; Marketing\",\"publisher\":{\"@id\":\"https:\/\/mariashamuitas.com\/#organization\"},\"potentialAction\":[{\"@type\":\"SearchAction\",\"target\":{\"@type\":\"EntryPoint\",\"urlTemplate\":\"https:\/\/mariashamuitas.com\/?s={search_term_string}\"},\"query-input\":{\"@type\":\"PropertyValueSpecification\",\"valueRequired\":true,\"valueName\":\"search_term_string\"}}],\"inLanguage\":\"en-GB\"},{\"@type\":\"Organization\",\"@id\":\"https:\/\/mariashamuitas.com\/#organization\",\"name\":\"Bad Bad Mary\",\"url\":\"https:\/\/mariashamuitas.com\/\",\"logo\":{\"@type\":\"ImageObject\",\"inLanguage\":\"en-GB\",\"@id\":\"https:\/\/mariashamuitas.com\/#\/schema\/logo\/image\/\",\"url\":\"\",\"contentUrl\":\"\",\"caption\":\"Bad Bad Mary\"},\"image\":{\"@id\":\"https:\/\/mariashamuitas.com\/#\/schema\/logo\/image\/\"},\"sameAs\":[\"https:\/\/www.facebook.com\/badbadmary.studio\/\",\"https:\/\/www.instagram.com\/badbadmary.studio\/\",\"https:\/\/www.pinterest.pt\/badbadmarystudio\"]}]}<\/script>\n<!-- \/ Yoast SEO plugin. -->","yoast_head_json":{"title":"CLUB - Marias H\u00e1 Muitas!","description":"Insights semanais gratuitos para comunicares os teus servi\u00e7os com criatividade","robots":{"index":"index","follow":"follow","max-snippet":"max-snippet:-1","max-image-preview":"max-image-preview:large","max-video-preview":"max-video-preview:-1"},"canonical":"https:\/\/mariashamuitas.com\/en\/jointheclubm\/","og_locale":"en_GB","og_type":"article","og_title":"CLUB - Marias H\u00e1 Muitas!","og_description":"Insights semanais gratuitos para comunicares os teus servi\u00e7os com criatividade","og_url":"https:\/\/mariashamuitas.com\/en\/jointheclubm\/","og_site_name":"Marias H\u00e1 Muitas!","article_publisher":"https:\/\/www.facebook.com\/badbadmary.studio\/","article_modified_time":"2025-11-21T08:53:18+00:00","og_image":[{"width":1080,"height":392,"url":"https:\/\/mariashamuitas.com\/wp-content\/uploads\/2025\/06\/CatMorgado-Insta-tall-e1749500814163.png","type":"image\/png"}],"twitter_misc":{"Estimated reading time":"1 minute"},"schema":{"@context":"https:\/\/schema.org","@graph":[{"@type":"WebPage","@id":"https:\/\/mariashamuitas.com\/jointheclubm\/","url":"https:\/\/mariashamuitas.com\/jointheclubm\/","name":"CLUB - Marias H\u00e1 Muitas!","isPartOf":{"@id":"https:\/\/mariashamuitas.com\/#website"},"primaryImageOfPage":{"@id":"https:\/\/mariashamuitas.com\/jointheclubm\/#primaryimage"},"image":{"@id":"https:\/\/mariashamuitas.com\/jointheclubm\/#primaryimage"},"thumbnailUrl":"https:\/\/mariashamuitas.com\/wp-content\/uploads\/2025\/06\/CatMorgado-Insta-tall-e1749500814163.png","datePublished":"2024-06-26T10:27:47+00:00","dateModified":"2025-11-21T08:53:18+00:00","description":"Insights semanais gratuitos para comunicares os teus servi\u00e7os com criatividade","breadcrumb":{"@id":"https:\/\/mariashamuitas.com\/jointheclubm\/#breadcrumb"},"inLanguage":"en-GB","potentialAction":[{"@type":"ReadAction","target":["https:\/\/mariashamuitas.com\/jointheclubm\/"]}]},{"@type":"ImageObject","inLanguage":"en-GB","@id":"https:\/\/mariashamuitas.com\/jointheclubm\/#primaryimage","url":"https:\/\/mariashamuitas.com\/wp-content\/uploads\/2025\/06\/CatMorgado-Insta-tall-e1749500814163.png","contentUrl":"https:\/\/mariashamuitas.com\/wp-content\/uploads\/2025\/06\/CatMorgado-Insta-tall-e1749500814163.png"},{"@type":"BreadcrumbList","@id":"https:\/\/mariashamuitas.com\/jointheclubm\/#breadcrumb","itemListElement":[{"@type":"ListItem","position":1,"name":"In\u00edcio","item":"https:\/\/mariashamuitas.com\/"},{"@type":"ListItem","position":2,"name":"CLUB"}]},{"@type":"WebSite","@id":"https:\/\/mariashamuitas.com\/#website","url":"https:\/\/mariashamuitas.com\/","name":"There are many Marias!","description":"Branding &amp; Marketing","publisher":{"@id":"https:\/\/mariashamuitas.com\/#organization"},"potentialAction":[{"@type":"SearchAction","target":{"@type":"EntryPoint","urlTemplate":"https:\/\/mariashamuitas.com\/?s={search_term_string}"},"query-input":{"@type":"PropertyValueSpecification","valueRequired":true,"valueName":"search_term_string"}}],"inLanguage":"en-GB"},{"@type":"Organization","@id":"https:\/\/mariashamuitas.com\/#organization","name":"Bad Bad Mary","url":"https:\/\/mariashamuitas.com\/","logo":{"@type":"ImageObject","inLanguage":"en-GB","@id":"https:\/\/mariashamuitas.com\/#\/schema\/logo\/image\/","url":"","contentUrl":"","caption":"Bad Bad Mary"},"image":{"@id":"https:\/\/mariashamuitas.com\/#\/schema\/logo\/image\/"},"sameAs":["https:\/\/www.facebook.com\/badbadmary.studio\/","https:\/\/www.instagram.com\/badbadmary.studio\/","https:\/\/www.pinterest.pt\/badbadmarystudio"]}]}},"_links":{"self":[{"href":"https:\/\/mariashamuitas.com\/en\/wp-json\/wp\/v2\/pages\/6185","targetHints":{"allow":["GET"]}}],"collection":[{"href":"https:\/\/mariashamuitas.com\/en\/wp-json\/wp\/v2\/pages"}],"about":[{"href":"https:\/\/mariashamuitas.com\/en\/wp-json\/wp\/v2\/types\/page"}],"author":[{"embeddable":true,"href":"https:\/\/mariashamuitas.com\/en\/wp-json\/wp\/v2\/users\/1"}],"replies":[{"embeddable":true,"href":"https:\/\/mariashamuitas.com\/en\/wp-json\/wp\/v2\/comments?post=6185"}],"version-history":[{"count":100,"href":"https:\/\/mariashamuitas.com\/en\/wp-json\/wp\/v2\/pages\/6185\/revisions"}],"predecessor-version":[{"id":8273,"href":"https:\/\/mariashamuitas.com\/en\/wp-json\/wp\/v2\/pages\/6185\/revisions\/8273"}],"wp:attachment":[{"href":"https:\/\/mariashamuitas.com\/en\/wp-json\/wp\/v2\/media?parent=6185"}],"curies":[{"name":"wp","href":"https:\/\/api.w.org\/{rel}","templated":true}]}}